{"id":17070,"date":"2025-05-20T15:54:53","date_gmt":"2025-05-20T13:54:53","guid":{"rendered":"https:\/\/audiophony.com\/produit\/mojo-signature\/"},"modified":"2026-01-21T13:29:17","modified_gmt":"2026-01-21T12:29:17","slug":"mojo-signature","status":"publish","type":"product","link":"https:\/\/audiophony.com\/en\/product\/mojo-signature\/","title":{"rendered":"MOJO Signature"},"content":{"rendered":"<p>The exclusive horn ensures precise diffusion of high frequencies, offering controlled directivity. The 4 tweeters are perfectly aligned with each 5-inch driver, reducing distortion while maintaining a compact column format, with extended reach and excellent sonic clarity. The subwoofer with two 12&#8243; drivers guarantees a wide dynamic range and a deep frequency response, reaching 35 Hz for powerful, well-defined bass. At the rear, the integrated mixer features 4 inputs, Bluetooth TWS connectivity and a high-performance DSP, offering a wide range of settings to suit any configuration. On-board amplification delivers a generous 2 x 800 W RMS at 8 ohms, ensuring sufficient power reserve for all applications. Finally, the connection between the column and the cabinet is made via a junction tube with no visible cables, for a clean, fast and aesthetic installation.     <\/p>\n<p>Features :<\/p>\n<p><strong>Column:<\/strong><br \/>&#8211; Power: 570 RMS<br \/>&#8211; Nominal impedance: 8 Ohms<br \/>&#8211; Boomer: 3 x 5 inch neodynium<br \/>&#8211; Tweeter: 12 x 1 inch<br \/>&#8211; Dispersion: 100\u00b0 x 60\u00b0 (HxV)<br \/>&#8211; Connector: Insert in cabinet<br \/>&#8211; Dimensions: 199 x 663 x 276 mm<br \/>&#8211; Net weight: 9.7 kg<\/p>\n<p><strong>Cabinet:<br \/><\/strong>&#8211; Power: 1000W RMS<br \/>&#8211; Nominal impedance: 8 Ohms<br \/>&#8211; Boomer: 2 x 12 inches<br \/>&#8211; Dimensions: 420 x 817 x 475 mm<br \/>&#8211; Net weight: 42 kg<\/p>\n<p><strong>Overall:<br \/><\/strong>&#8211; Frequency response: 35 &#8211; 18,000 Hz<br \/>&#8211; Max. SPL (@1m): 130 dB <\/p>\n<p><strong>Amplification:<br \/><\/strong>&#8211; Bass stage: 1 x 800 W RMS at 8 Ohms<br \/>&#8211; Mid\/high stage: 1 x 800 W RMS at 8 Ohms<\/p>\n<p><strong>Inputs:<br \/><\/strong>&#8211; CH1: 1 x XLR\/line jack\/mic combo<br \/>&#8211; CH2: 1 x XLR\/line jack\/mic combo<br \/>&#8211; CH3: 1 x line jack<br \/>&#8211; CH4\/5: 1 x RCA L\/R line + Bluetooth input<\/p>\n<p><strong>Input impedances:<br \/><\/strong>&#8211; Microphone 1 &amp; 2: Balanced 40 k\u03a9<br \/>&#8211; Line 1 &amp; 2: Balanced 10 k\u03a9<br \/>&#8211; Line 3: Balanced 20 k\u03a9<br \/>&#8211; Line 4\/5: Unbalanced 5 k\u03a9<\/p>\n<p><strong>Outputs:<br \/><\/strong>&#8211; 1 insert on top<br \/>&#8211; 1 speakON on rear<br \/>&#8211; 1 x XLR MIX OUT balanced for output to another system<br \/>&#8211; 2 x XLR LINE OUT balanced for CH1 and CH2 repique<\/p>\n<p><strong>DSP:<\/strong><br \/>&#8211; 24 bits (1 in 2 out)<br \/>&#8211; EQ \/ Presets \/ Low cut \/ Delay \/ Bluetooth TWS<\/p>\n<p><strong>Level:<\/strong><br \/>&#8211; Level adjustment for each channel + Master<\/p>\n<p><strong>Sub:<\/strong><br \/>&#8211; Subwoofer level control<\/p>\n","protected":false},"excerpt":{"rendered":"<p>Active column array system with 2\u00d712&#8221; subwoofer, 3\u00d75&#8221; midrange and 12\u00d71&#8221; high frequencies with horn &#8211; Equipped with mixer, DSP and Bluetooth 5.0 TWS &#8211; 1600 W RMS<\/p>\n","protected":false},"featured_media":17028,"template":"","meta":{"_acf_changed":false,"_gspb_post_css":""},"product_brand":[],"product_cat":[501],"product_tag":[514],"class_list":{"0":"post-17070","1":"product","2":"type-product","3":"status-publish","4":"has-post-thumbnail","6":"product_cat-mojo-range","7":"product_tag-new-en","9":"first","10":"instock","11":"shipping-taxable","12":"purchasable","13":"product-type-simple"},"acf":[],"_links":{"self":[{"href":"https:\/\/audiophony.com\/en\/wp-json\/wp\/v2\/product\/17070","targetHints":{"allow":["GET"]}}],"collection":[{"href":"https:\/\/audiophony.com\/en\/wp-json\/wp\/v2\/product"}],"about":[{"href":"https:\/\/audiophony.com\/en\/wp-json\/wp\/v2\/types\/product"}],"wp:featuredmedia":[{"embeddable":true,"href":"https:\/\/audiophony.com\/en\/wp-json\/wp\/v2\/media\/17028"}],"wp:attachment":[{"href":"https:\/\/audiophony.com\/en\/wp-json\/wp\/v2\/media?parent=17070"}],"wp:term":[{"taxonomy":"product_brand","embeddable":true,"href":"https:\/\/audiophony.com\/en\/wp-json\/wp\/v2\/product_brand?post=17070"},{"taxonomy":"product_cat","embeddable":true,"href":"https:\/\/audiophony.com\/en\/wp-json\/wp\/v2\/product_cat?post=17070"},{"taxonomy":"product_tag","embeddable":true,"href":"https:\/\/audiophony.com\/en\/wp-json\/wp\/v2\/product_tag?post=17070"}],"curies":[{"name":"wp","href":"https:\/\/api.w.org\/{rel}","templated":true}]}}